{"id":13007,"date":"2023-11-17T12:01:58","date_gmt":"2023-11-17T11:01:58","guid":{"rendered":"https:\/\/avinova.cat\/product\/coquelet\/"},"modified":"2023-11-17T12:01:58","modified_gmt":"2023-11-17T11:01:58","slug":"coquelet","status":"publish","type":"product","link":"https:\/\/avinova.cat\/es\/producte\/coquelet\/","title":{"rendered":"Picant\u00f3n del pa\u00eds r\u00fastico"},"content":{"rendered":"<p>El picant\u00f3n es un pollo de dimensiones m\u00e1s peque\u00f1as que proviene de razas de crecimiento lento. Se cr\u00eda durante un m\u00ednimo de 35 d\u00edas y su alimentaci\u00f3n es 100% vegetal con un contenido m\u00ednimo de cereales del 60%. Suele pesar entre 500g y 600g.<\/p>\n<p>Ref. 270 fresco<\/p>\n<p>Ref. 1270 congelado<\/p>\n","protected":false},"excerpt":{"rendered":"<p>El picant\u00f3n es un pollo de dimensiones m\u00e1s peque\u00f1as que proviene de razas de crecimiento lento. Se cr\u00eda durante un m\u00ednimo de 35 d\u00edas y su alimentaci\u00f3n es 100% vegetal con un contenido m\u00ednimo de cereales del 60%. Suele pesar entre 500g y 600g. Ref. 270 fresco Ref. 1270 congelado<\/p>\n","protected":false},"featured_media":12782,"template":"","meta":{"_acf_changed":false,"site-sidebar-layout":"default","site-content-layout":"","ast-site-content-layout":"default","site-content-style":"default","site-sidebar-style":"default","ast-global-header-display":"","ast-banner-title-visibility":"","ast-main-header-display":"","ast-hfb-above-header-display":"","ast-hfb-below-header-display":"","ast-hfb-mobile-header-display":"","site-post-title":"","ast-breadcrumbs-content":"","ast-featured-img":"","footer-sml-layout":"","theme-transparent-header-meta":"default","adv-header-id-meta":"","stick-header-meta":"default","header-above-stick-meta":"","header-main-stick-meta":"","header-below-stick-meta":"","astra-migrate-meta-layouts":"default","ast-page-background-enabled":"default","ast-page-background-meta":{"desktop":{"background-color":"","background-image":"","background-repeat":"repeat","background-position":"center center","background-size":"auto","background-attachment":"scroll","background-type":"","background-media":"","overlay-type":"","overlay-color":"","overlay-opacity":"","overlay-gradient":""},"tablet":{"background-color":"","background-image":"","background-repeat":"repeat","background-position":"center center","background-size":"auto","background-attachment":"scroll","background-type":"","background-media":"","overlay-type":"","overlay-color":"","overlay-opacity":"","overlay-gradient":""},"mobile":{"background-color":"","background-image":"","background-repeat":"repeat","background-position":"center center","background-size":"auto","background-attachment":"scroll","background-type":"","background-media":"","overlay-type":"","overlay-color":"","overlay-opacity":"","overlay-gradient":""}},"ast-content-background-meta":{"desktop":{"background-color":"var(--ast-global-color-5)","background-image":"","background-repeat":"repeat","background-position":"center center","background-size":"auto","background-attachment":"scroll","background-type":"","background-media":"","overlay-type":"","overlay-color":"","overlay-opacity":"","overlay-gradient":""},"tablet":{"background-color":"var(--ast-global-color-5)","background-image":"","background-repeat":"repeat","background-position":"center center","background-size":"auto","background-attachment":"scroll","background-type":"","background-media":"","overlay-type":"","overlay-color":"","overlay-opacity":"","overlay-gradient":""},"mobile":{"background-color":"var(--ast-global-color-5)","background-image":"","background-repeat":"repeat","background-position":"center center","background-size":"auto","background-attachment":"scroll","background-type":"","background-media":"","overlay-type":"","overlay-color":"","overlay-opacity":"","overlay-gradient":""}}},"product_brand":[],"product_cat":[149,150],"product_tag":[],"class_list":{"0":"post-13007","1":"product","2":"type-product","3":"status-publish","4":"has-post-thumbnail","6":"product_cat-aves-es","7":"product_cat-otras-aves-es","8":"desktop-align-left","9":"tablet-align-left","10":"mobile-align-left","11":"ast-product-gallery-layout-horizontal","12":"ast-product-gallery-with-no-image","13":"ast-product-tabs-layout-horizontal","15":"first","16":"instock","17":"shipping-taxable","18":"product-type-simple"},"acf":[],"_links":{"self":[{"href":"https:\/\/avinova.cat\/es\/wp-json\/wp\/v2\/product\/13007","targetHints":{"allow":["GET"]}}],"collection":[{"href":"https:\/\/avinova.cat\/es\/wp-json\/wp\/v2\/product"}],"about":[{"href":"https:\/\/avinova.cat\/es\/wp-json\/wp\/v2\/types\/product"}],"version-history":[{"count":0,"href":"https:\/\/avinova.cat\/es\/wp-json\/wp\/v2\/product\/13007\/revisions"}],"wp:featuredmedia":[{"embeddable":true,"href":"https:\/\/avinova.cat\/es\/wp-json\/wp\/v2\/media\/12782"}],"wp:attachment":[{"href":"https:\/\/avinova.cat\/es\/wp-json\/wp\/v2\/media?parent=13007"}],"wp:term":[{"taxonomy":"product_brand","embeddable":true,"href":"https:\/\/avinova.cat\/es\/wp-json\/wp\/v2\/product_brand?post=13007"},{"taxonomy":"product_cat","embeddable":true,"href":"https:\/\/avinova.cat\/es\/wp-json\/wp\/v2\/product_cat?post=13007"},{"taxonomy":"product_tag","embeddable":true,"href":"https:\/\/avinova.cat\/es\/wp-json\/wp\/v2\/product_tag?post=13007"}],"curies":[{"name":"wp","href":"https:\/\/api.w.org\/{rel}","templated":true}]}}