{"id":13543,"date":"2013-01-23T00:00:00","date_gmt":"2013-01-22T23:00:00","guid":{"rendered":"https:\/\/avinova.cat\/product\/gallo-de-pata-negra-del-penedes-besavia\/"},"modified":"2023-11-30T11:19:42","modified_gmt":"2023-11-30T10:19:42","slug":"gallo-de-pata-negra-del-penedes-besavia","status":"publish","type":"product","link":"https:\/\/avinova.cat\/es\/producte\/gallo-de-pata-negra-del-penedes-besavia\/","title":{"rendered":"Gallo criado al aire libre del Pened\u00e9s \u00abBes\u00e0via\u00bb pata negra"},"content":{"rendered":"<p>Gallo de pata negra del Pened\u00e9s \u00abBes\u00e0via\u00bb.<\/p>\n<p>Criado al aire libre en el\u00a0municipio de Rodony\u00e0 en el Alt Camp.<\/p>\n<p>Es un gallo de crecimiento lento con una vida de entre 15 y 18 semanas que es alimentado con un 100% de cereales &#8211; fundamentalmente ma\u00edz y trigo &#8211; y leguminosas de la regi\u00f3n. Se caracteriza por tener la pata gris oscuro, pluma negra y cresta roja.<\/p>\n<p>Con una carne de excelente calidad baja en grasa y un gusto exquisito, es ideal para cocinar a la brasa o guisado.<\/p>\n<p>Lo servimos limpio entero y preparado para asar o bien cortado en supremas y muslos.<\/p>\n<p>El gallo de pata negra del Pened\u00e9s \u00abBes\u00e0via\u00bb entero suele pesar entre 2,2k y 2,8k.<\/p>\n<p>Tambi\u00e9n disponemos de la pollita o pulardeta (hembra) m\u00e1s peque\u00f1a.<\/p>\n<p>Ref. 2186<\/p>\n","protected":false},"excerpt":{"rendered":"<p>Gallo de pata negra del Pened\u00e9s \u00abBes\u00e0via\u00bb. Criado al aire libre en el\u00a0municipio de Rodony\u00e0 en el Alt Camp. Es un gallo de crecimiento lento con una vida de entre 15 y 18 semanas que es alimentado con un 100% de cereales &#8211; fundamentalmente ma\u00edz y trigo &#8211; y leguminosas de la regi\u00f3n. Se caracteriza [&hellip;]<\/p>\n","protected":false},"featured_media":496,"template":"","meta":{"_acf_changed":false,"site-sidebar-layout":"default","site-content-layout":"default","ast-site-content-layout":"default","site-content-style":"default","site-sidebar-style":"default","ast-global-header-display":"","ast-banner-title-visibility":"","ast-main-header-display":"","ast-hfb-above-header-display":"","ast-hfb-below-header-display":"","ast-hfb-mobile-header-display":"","site-post-title":"","ast-breadcrumbs-content":"","ast-featured-img":"","footer-sml-layout":"","theme-transparent-header-meta":"default","adv-header-id-meta":"","stick-header-meta":"default","header-above-stick-meta":"","header-main-stick-meta":"","header-below-stick-meta":"","astra-migrate-meta-layouts":"set","ast-page-background-enabled":"default","ast-page-background-meta":{"desktop":{"background-color":"","background-image":"","background-repeat":"repeat","background-position":"center center","background-size":"auto","background-attachment":"scroll","background-type":"","background-media":"","overlay-type":"","overlay-color":"","overlay-opacity":"","overlay-gradient":""},"tablet":{"background-color":"","background-image":"","background-repeat":"repeat","background-position":"center center","background-size":"auto","background-attachment":"scroll","background-type":"","background-media":"","overlay-type":"","overlay-color":"","overlay-opacity":"","overlay-gradient":""},"mobile":{"background-color":"","background-image":"","background-repeat":"repeat","background-position":"center center","background-size":"auto","background-attachment":"scroll","background-type":"","background-media":"","overlay-type":"","overlay-color":"","overlay-opacity":"","overlay-gradient":""}},"ast-content-background-meta":{"desktop":{"background-color":"var(--ast-global-color-5)","background-image":"","background-repeat":"repeat","background-position":"center center","background-size":"auto","background-attachment":"scroll","background-type":"","background-media":"","overlay-type":"","overlay-color":"","overlay-opacity":"","overlay-gradient":""},"tablet":{"background-color":"var(--ast-global-color-5)","background-image":"","background-repeat":"repeat","background-position":"center center","background-size":"auto","background-attachment":"scroll","background-type":"","background-media":"","overlay-type":"","overlay-color":"","overlay-opacity":"","overlay-gradient":""},"mobile":{"background-color":"var(--ast-global-color-5)","background-image":"","background-repeat":"repeat","background-position":"center center","background-size":"auto","background-attachment":"scroll","background-type":"","background-media":"","overlay-type":"","overlay-color":"","overlay-opacity":"","overlay-gradient":""}}},"product_brand":[],"product_cat":[149,172],"product_tag":[],"class_list":{"0":"post-13543","1":"product","2":"type-product","3":"status-publish","4":"has-post-thumbnail","6":"product_cat-aves-es","7":"product_cat-pollo-es","8":"desktop-align-left","9":"tablet-align-left","10":"mobile-align-left","11":"ast-product-gallery-layout-horizontal","12":"ast-product-gallery-with-no-image","13":"ast-product-tabs-layout-horizontal","15":"first","16":"instock","17":"shipping-taxable","18":"product-type-simple"},"acf":[],"_links":{"self":[{"href":"https:\/\/avinova.cat\/es\/wp-json\/wp\/v2\/product\/13543","targetHints":{"allow":["GET"]}}],"collection":[{"href":"https:\/\/avinova.cat\/es\/wp-json\/wp\/v2\/product"}],"about":[{"href":"https:\/\/avinova.cat\/es\/wp-json\/wp\/v2\/types\/product"}],"version-history":[{"count":4,"href":"https:\/\/avinova.cat\/es\/wp-json\/wp\/v2\/product\/13543\/revisions"}],"predecessor-version":[{"id":13544,"href":"https:\/\/avinova.cat\/es\/wp-json\/wp\/v2\/product\/13543\/revisions\/13544"}],"wp:featuredmedia":[{"embeddable":true,"href":"https:\/\/avinova.cat\/es\/wp-json\/wp\/v2\/media\/496"}],"wp:attachment":[{"href":"https:\/\/avinova.cat\/es\/wp-json\/wp\/v2\/media?parent=13543"}],"wp:term":[{"taxonomy":"product_brand","embeddable":true,"href":"https:\/\/avinova.cat\/es\/wp-json\/wp\/v2\/product_brand?post=13543"},{"taxonomy":"product_cat","embeddable":true,"href":"https:\/\/avinova.cat\/es\/wp-json\/wp\/v2\/product_cat?post=13543"},{"taxonomy":"product_tag","embeddable":true,"href":"https:\/\/avinova.cat\/es\/wp-json\/wp\/v2\/product_tag?post=13543"}],"curies":[{"name":"wp","href":"https:\/\/api.w.org\/{rel}","templated":true}]}}