{"id":14357,"date":"2024-11-12T12:37:53","date_gmt":"2024-11-12T11:37:53","guid":{"rendered":"https:\/\/avinova.cat\/product\/pavo-dindon-pluma-negra-6kg-solo-en-navidades\/"},"modified":"2024-11-12T12:48:28","modified_gmt":"2024-11-12T11:48:28","slug":"pavo-dindon-pluma-negra-6kg-solo-en-navidades","status":"publish","type":"product","link":"https:\/\/avinova.cat\/es\/producte\/pavo-dindon-pluma-negra-6kg-solo-en-navidades\/","title":{"rendered":"Pavo Dindon pluma negra +6kg \u00abS\u00f3lo en Navidades\u00bb"},"content":{"rendered":"<p>Los pavos se distinguen por su plumaje negro, su piel y carne rosadas, sus patas negras y sus car\u00fanculas rojas.\u00a0Se cr\u00eda en pastos durante al menos 7 meses y se alimenta a base de los recursos naturales de las praderas (hierbas, lombrices, etc.), productos l\u00e1cteos no modificados gen\u00e9ticamente y cereales (ma\u00edz, trigo).<\/p>\n<p>Pesa aproximadamente 6 kgs.<\/p>\n<p>Ref. 151<\/p>\n","protected":false},"excerpt":{"rendered":"<p>Los pavos se distinguen por su plumaje negro, su piel y carne rosadas, sus patas negras y sus car\u00fanculas rojas.\u00a0Se cr\u00eda en pastos durante al menos 7 meses y se alimenta a base de los recursos naturales de las praderas (hierbas, lombrices, etc.), productos l\u00e1cteos no modificados gen\u00e9ticamente y cereales (ma\u00edz, trigo). Pesa aproximadamente 6 [&hellip;]<\/p>\n","protected":false},"featured_media":14355,"template":"","meta":{"_acf_changed":false,"site-sidebar-layout":"default","site-content-layout":"","ast-site-content-layout":"default","site-content-style":"default","site-sidebar-style":"default","ast-global-header-display":"","ast-banner-title-visibility":"","ast-main-header-display":"","ast-hfb-above-header-display":"","ast-hfb-below-header-display":"","ast-hfb-mobile-header-display":"","site-post-title":"","ast-breadcrumbs-content":"","ast-featured-img":"","footer-sml-layout":"","theme-transparent-header-meta":"default","adv-header-id-meta":"","stick-header-meta":"default","header-above-stick-meta":"","header-main-stick-meta":"","header-below-stick-meta":"","astra-migrate-meta-layouts":"set","ast-page-background-enabled":"default","ast-page-background-meta":{"desktop":{"background-color":"","background-image":"","background-repeat":"repeat","background-position":"center center","background-size":"auto","background-attachment":"scroll","background-type":"","background-media":"","overlay-type":"","overlay-color":"","overlay-opacity":"","overlay-gradient":""},"tablet":{"background-color":"","background-image":"","background-repeat":"repeat","background-position":"center center","background-size":"auto","background-attachment":"scroll","background-type":"","background-media":"","overlay-type":"","overlay-color":"","overlay-opacity":"","overlay-gradient":""},"mobile":{"background-color":"","background-image":"","background-repeat":"repeat","background-position":"center center","background-size":"auto","background-attachment":"scroll","background-type":"","background-media":"","overlay-type":"","overlay-color":"","overlay-opacity":"","overlay-gradient":""}},"ast-content-background-meta":{"desktop":{"background-color":"var(--ast-global-color-5)","background-image":"","background-repeat":"repeat","background-position":"center center","background-size":"auto","background-attachment":"scroll","background-type":"","background-media":"","overlay-type":"","overlay-color":"","overlay-opacity":"","overlay-gradient":""},"tablet":{"background-color":"var(--ast-global-color-5)","background-image":"","background-repeat":"repeat","background-position":"center center","background-size":"auto","background-attachment":"scroll","background-type":"","background-media":"","overlay-type":"","overlay-color":"","overlay-opacity":"","overlay-gradient":""},"mobile":{"background-color":"var(--ast-global-color-5)","background-image":"","background-repeat":"repeat","background-position":"center center","background-size":"auto","background-attachment":"scroll","background-type":"","background-media":"","overlay-type":"","overlay-color":"","overlay-opacity":"","overlay-gradient":""}}},"product_brand":[],"product_cat":[149,150],"product_tag":[],"class_list":{"0":"post-14357","1":"product","2":"type-product","3":"status-publish","4":"has-post-thumbnail","6":"product_cat-aves-es","7":"product_cat-otras-aves-es","8":"desktop-align-left","9":"tablet-align-left","10":"mobile-align-left","11":"ast-product-gallery-layout-horizontal","12":"ast-product-gallery-with-no-image","13":"ast-product-tabs-layout-horizontal","15":"first","16":"instock","17":"shipping-taxable","18":"product-type-simple"},"acf":[],"_links":{"self":[{"href":"https:\/\/avinova.cat\/es\/wp-json\/wp\/v2\/product\/14357","targetHints":{"allow":["GET"]}}],"collection":[{"href":"https:\/\/avinova.cat\/es\/wp-json\/wp\/v2\/product"}],"about":[{"href":"https:\/\/avinova.cat\/es\/wp-json\/wp\/v2\/types\/product"}],"version-history":[{"count":2,"href":"https:\/\/avinova.cat\/es\/wp-json\/wp\/v2\/product\/14357\/revisions"}],"predecessor-version":[{"id":14361,"href":"https:\/\/avinova.cat\/es\/wp-json\/wp\/v2\/product\/14357\/revisions\/14361"}],"wp:featuredmedia":[{"embeddable":true,"href":"https:\/\/avinova.cat\/es\/wp-json\/wp\/v2\/media\/14355"}],"wp:attachment":[{"href":"https:\/\/avinova.cat\/es\/wp-json\/wp\/v2\/media?parent=14357"}],"wp:term":[{"taxonomy":"product_brand","embeddable":true,"href":"https:\/\/avinova.cat\/es\/wp-json\/wp\/v2\/product_brand?post=14357"},{"taxonomy":"product_cat","embeddable":true,"href":"https:\/\/avinova.cat\/es\/wp-json\/wp\/v2\/product_cat?post=14357"},{"taxonomy":"product_tag","embeddable":true,"href":"https:\/\/avinova.cat\/es\/wp-json\/wp\/v2\/product_tag?post=14357"}],"curies":[{"name":"wp","href":"https:\/\/api.w.org\/{rel}","templated":true}]}}