{"id":6540,"date":"2012-09-25T00:00:00","date_gmt":"2012-09-25T00:00:00","guid":{"rendered":"http:\/\/avinova.nomadshost.com\/product\/conejo-al-romero-y-tomillo\/"},"modified":"2023-11-28T11:59:29","modified_gmt":"2023-11-28T10:59:29","slug":"conejo-al-romero-y-tomillo","status":"publish","type":"product","link":"https:\/\/avinova.cat\/es\/producte\/conejo-al-romero-y-tomillo\/","title":{"rendered":"Conejo al romero y tomillo"},"content":{"rendered":"<p>Conejo al romero y tomillo.<\/p>\n<p>Conejo campesino de ojo negro, criado de forma tradicional en el Valle del r\u00edo Matarra\u00f1a. Alimentado con hierbas arom\u00e1ticas y cereales del pa\u00eds sin transg\u00e9nicos. Con una carne rosada de sabor y textura especial debido a su raza y alimentaci\u00f3n tiene un alto \u00a0valor proteico. Su carne es baja en grasas y col\u00e1geno permitiendo su f\u00e1cil digestibilidad. Ideal para cocinar a la brasa, asado o con arroz.<\/p>\n<p>Ref. 3005<\/p>\n","protected":false},"excerpt":{"rendered":"<p>Conejo al romero y tomillo. Conejo campesino de ojo negro, criado de forma tradicional en el Valle del r\u00edo Matarra\u00f1a. Alimentado con hierbas arom\u00e1ticas y cereales del pa\u00eds sin transg\u00e9nicos. Con una carne rosada de sabor y textura especial debido a su raza y alimentaci\u00f3n tiene un alto \u00a0valor proteico. Su carne es baja en [&hellip;]<\/p>\n","protected":false},"featured_media":471,"template":"","meta":{"_acf_changed":false,"site-sidebar-layout":"default","site-content-layout":"default","ast-site-content-layout":"default","site-content-style":"default","site-sidebar-style":"default","ast-global-header-display":"","ast-banner-title-visibility":"","ast-main-header-display":"","ast-hfb-above-header-display":"","ast-hfb-below-header-display":"","ast-hfb-mobile-header-display":"","site-post-title":"","ast-breadcrumbs-content":"","ast-featured-img":"","footer-sml-layout":"","theme-transparent-header-meta":"default","adv-header-id-meta":"","stick-header-meta":"default","header-above-stick-meta":"","header-main-stick-meta":"","header-below-stick-meta":"","astra-migrate-meta-layouts":"set","ast-page-background-enabled":"default","ast-page-background-meta":{"desktop":{"background-color":"","background-image":"","background-repeat":"repeat","background-position":"center center","background-size":"auto","background-attachment":"scroll","background-type":"","background-media":"","overlay-type":"","overlay-color":"","overlay-opacity":"","overlay-gradient":""},"tablet":{"background-color":"","background-image":"","background-repeat":"repeat","background-position":"center center","background-size":"auto","background-attachment":"scroll","background-type":"","background-media":"","overlay-type":"","overlay-color":"","overlay-opacity":"","overlay-gradient":""},"mobile":{"background-color":"","background-image":"","background-repeat":"repeat","background-position":"center center","background-size":"auto","background-attachment":"scroll","background-type":"","background-media":"","overlay-type":"","overlay-color":"","overlay-opacity":"","overlay-gradient":""}},"ast-content-background-meta":{"desktop":{"background-color":"var(--ast-global-color-5)","background-image":"","background-repeat":"repeat","background-position":"center center","background-size":"auto","background-attachment":"scroll","background-type":"","background-media":"","overlay-type":"","overlay-color":"","overlay-opacity":"","overlay-gradient":""},"tablet":{"background-color":"var(--ast-global-color-5)","background-image":"","background-repeat":"repeat","background-position":"center center","background-size":"auto","background-attachment":"scroll","background-type":"","background-media":"","overlay-type":"","overlay-color":"","overlay-opacity":"","overlay-gradient":""},"mobile":{"background-color":"var(--ast-global-color-5)","background-image":"","background-repeat":"repeat","background-position":"center center","background-size":"auto","background-attachment":"scroll","background-type":"","background-media":"","overlay-type":"","overlay-color":"","overlay-opacity":"","overlay-gradient":""}}},"product_brand":[],"product_cat":[149,170],"product_tag":[],"class_list":{"0":"post-6540","1":"product","2":"type-product","3":"status-publish","4":"has-post-thumbnail","6":"product_cat-aves-es","7":"product_cat-conejo-es","8":"desktop-align-left","9":"tablet-align-left","10":"mobile-align-left","11":"ast-product-gallery-layout-horizontal","12":"ast-product-tabs-layout-horizontal","14":"first","15":"instock","16":"shipping-taxable","17":"product-type-simple"},"acf":[],"_links":{"self":[{"href":"https:\/\/avinova.cat\/es\/wp-json\/wp\/v2\/product\/6540","targetHints":{"allow":["GET"]}}],"collection":[{"href":"https:\/\/avinova.cat\/es\/wp-json\/wp\/v2\/product"}],"about":[{"href":"https:\/\/avinova.cat\/es\/wp-json\/wp\/v2\/types\/product"}],"version-history":[{"count":2,"href":"https:\/\/avinova.cat\/es\/wp-json\/wp\/v2\/product\/6540\/revisions"}],"predecessor-version":[{"id":13495,"href":"https:\/\/avinova.cat\/es\/wp-json\/wp\/v2\/product\/6540\/revisions\/13495"}],"wp:featuredmedia":[{"embeddable":true,"href":"https:\/\/avinova.cat\/es\/wp-json\/wp\/v2\/media\/471"}],"wp:attachment":[{"href":"https:\/\/avinova.cat\/es\/wp-json\/wp\/v2\/media?parent=6540"}],"wp:term":[{"taxonomy":"product_brand","embeddable":true,"href":"https:\/\/avinova.cat\/es\/wp-json\/wp\/v2\/product_brand?post=6540"},{"taxonomy":"product_cat","embeddable":true,"href":"https:\/\/avinova.cat\/es\/wp-json\/wp\/v2\/product_cat?post=6540"},{"taxonomy":"product_tag","embeddable":true,"href":"https:\/\/avinova.cat\/es\/wp-json\/wp\/v2\/product_tag?post=6540"}],"curies":[{"name":"wp","href":"https:\/\/api.w.org\/{rel}","templated":true}]}}