{"id":6985,"date":"2014-11-06T00:00:00","date_gmt":"2014-11-06T00:00:00","guid":{"rendered":"http:\/\/avinova.nomadshost.com\/product\/coquelet-extra-frances\/"},"modified":"2023-11-30T12:00:39","modified_gmt":"2023-11-30T11:00:39","slug":"coquelet-extra-frances","status":"publish","type":"product","link":"https:\/\/avinova.cat\/es\/producte\/coquelet-extra-frances\/","title":{"rendered":"Coquelet extra franc\u00e9s"},"content":{"rendered":"<p>Coquelet extra franc\u00e9s.<\/p>\n<p>Ave de al menos 30 d\u00edas de vida con un crecimiento y alimentaci\u00f3n lentos que, nace, crece, se sacrifica y se procesa en Francia.<\/p>\n<p>Alimentado al 100% con vegetales, minerales, vitaminas y un m\u00ednimo del 65% de cereales.<\/p>\n<p>Viene totalmente limpio y a punto para cocinar con rapidez y facilidad en cualquier ocasi\u00f3n.<\/p>\n<p>Carne jugosa con un gusto fino y sabroso.<\/p>\n<p>El coquelet amarillo franc\u00e9s suele pesar entre 450g y 550g, permitiendo un escandallo por raciones preciso.<\/p>\n<p>Ref. 170<\/p>\n","protected":false},"excerpt":{"rendered":"<p>Coquelet extra franc\u00e9s. Ave de al menos 30 d\u00edas de vida con un crecimiento y alimentaci\u00f3n lentos que, nace, crece, se sacrifica y se procesa en Francia. Alimentado al 100% con vegetales, minerales, vitaminas y un m\u00ednimo del 65% de cereales. Viene totalmente limpio y a punto para cocinar con rapidez y facilidad en cualquier [&hellip;]<\/p>\n","protected":false},"featured_media":609,"template":"","meta":{"_acf_changed":false,"site-sidebar-layout":"default","site-content-layout":"default","ast-site-content-layout":"default","site-content-style":"default","site-sidebar-style":"default","ast-global-header-display":"","ast-banner-title-visibility":"","ast-main-header-display":"","ast-hfb-above-header-display":"","ast-hfb-below-header-display":"","ast-hfb-mobile-header-display":"","site-post-title":"","ast-breadcrumbs-content":"","ast-featured-img":"","footer-sml-layout":"","theme-transparent-header-meta":"default","adv-header-id-meta":"","stick-header-meta":"default","header-above-stick-meta":"","header-main-stick-meta":"","header-below-stick-meta":"","astra-migrate-meta-layouts":"set","ast-page-background-enabled":"default","ast-page-background-meta":{"desktop":{"background-color":"","background-image":"","background-repeat":"repeat","background-position":"center center","background-size":"auto","background-attachment":"scroll","background-type":"","background-media":"","overlay-type":"","overlay-color":"","overlay-opacity":"","overlay-gradient":""},"tablet":{"background-color":"","background-image":"","background-repeat":"repeat","background-position":"center center","background-size":"auto","background-attachment":"scroll","background-type":"","background-media":"","overlay-type":"","overlay-color":"","overlay-opacity":"","overlay-gradient":""},"mobile":{"background-color":"","background-image":"","background-repeat":"repeat","background-position":"center center","background-size":"auto","background-attachment":"scroll","background-type":"","background-media":"","overlay-type":"","overlay-color":"","overlay-opacity":"","overlay-gradient":""}},"ast-content-background-meta":{"desktop":{"background-color":"var(--ast-global-color-5)","background-image":"","background-repeat":"repeat","background-position":"center center","background-size":"auto","background-attachment":"scroll","background-type":"","background-media":"","overlay-type":"","overlay-color":"","overlay-opacity":"","overlay-gradient":""},"tablet":{"background-color":"var(--ast-global-color-5)","background-image":"","background-repeat":"repeat","background-position":"center center","background-size":"auto","background-attachment":"scroll","background-type":"","background-media":"","overlay-type":"","overlay-color":"","overlay-opacity":"","overlay-gradient":""},"mobile":{"background-color":"var(--ast-global-color-5)","background-image":"","background-repeat":"repeat","background-position":"center center","background-size":"auto","background-attachment":"scroll","background-type":"","background-media":"","overlay-type":"","overlay-color":"","overlay-opacity":"","overlay-gradient":""}}},"product_brand":[],"product_cat":[149],"product_tag":[],"class_list":{"0":"post-6985","1":"product","2":"type-product","3":"status-publish","4":"has-post-thumbnail","6":"product_cat-aves-es","7":"desktop-align-left","8":"tablet-align-left","9":"mobile-align-left","10":"ast-product-gallery-layout-horizontal","11":"ast-product-gallery-with-no-image","12":"ast-product-tabs-layout-horizontal","14":"first","15":"instock","16":"shipping-taxable","17":"product-type-simple"},"acf":[],"_links":{"self":[{"href":"https:\/\/avinova.cat\/es\/wp-json\/wp\/v2\/product\/6985","targetHints":{"allow":["GET"]}}],"collection":[{"href":"https:\/\/avinova.cat\/es\/wp-json\/wp\/v2\/product"}],"about":[{"href":"https:\/\/avinova.cat\/es\/wp-json\/wp\/v2\/types\/product"}],"version-history":[{"count":1,"href":"https:\/\/avinova.cat\/es\/wp-json\/wp\/v2\/product\/6985\/revisions"}],"predecessor-version":[{"id":13922,"href":"https:\/\/avinova.cat\/es\/wp-json\/wp\/v2\/product\/6985\/revisions\/13922"}],"wp:featuredmedia":[{"embeddable":true,"href":"https:\/\/avinova.cat\/es\/wp-json\/wp\/v2\/media\/609"}],"wp:attachment":[{"href":"https:\/\/avinova.cat\/es\/wp-json\/wp\/v2\/media?parent=6985"}],"wp:term":[{"taxonomy":"product_brand","embeddable":true,"href":"https:\/\/avinova.cat\/es\/wp-json\/wp\/v2\/product_brand?post=6985"},{"taxonomy":"product_cat","embeddable":true,"href":"https:\/\/avinova.cat\/es\/wp-json\/wp\/v2\/product_cat?post=6985"},{"taxonomy":"product_tag","embeddable":true,"href":"https:\/\/avinova.cat\/es\/wp-json\/wp\/v2\/product_tag?post=6985"}],"curies":[{"name":"wp","href":"https:\/\/api.w.org\/{rel}","templated":true}]}}